{"id":1392,"date":"2022-03-29T18:24:44","date_gmt":"2022-03-29T16:24:44","guid":{"rendered":"https:\/\/www.zanaboni.it\/products\/babylon-3\/"},"modified":"2025-12-18T17:04:26","modified_gmt":"2025-12-18T16:04:26","slug":"babylon-3","status":"publish","type":"product","link":"https:\/\/www.zanaboni.it\/en\/products\/babylon-3\/","title":{"rendered":"BABYLON"},"content":{"rendered":"\n<div class=\"wp-container-4 wp-block-group mb-6\"><div class=\"wp-block-group__inner-container\">\n<div class=\"wp-container-3 wp-block-columns\">\n<div class=\"wp-container-1 wp-block-column\" style=\"flex-basis:66.66%\">\n<figure class=\"wp-block-image size-full\"><img src=\"https:\/\/www.zanaboni.it\/wp-content\/uploads\/import\/BABYLON-P\/hero_img\/pouf_babylon-h.jpg\" alt=\"\" class=\"wp-image-903\" \/><\/figure><\/div>\n\n\n\n<div class=\"wp-container-2 wp-block-column pt-3\" style=\"flex-basis:33.33%\">\n<h1 class=\"h3\">BABYLON <\/h1>\n\n\n\n<p><strong>BABYLON<\/strong> \u00e8 un pratico <strong>pouf moderno in legno massello<\/strong> che all\u2019occorrenza si presta ad essere una seduta in pi\u00f9 o un comodo appoggiapiedi. Le lavorazioni che riporta sulla sua superficie, <strong>la raffinatezza delle sue rifiniture<\/strong> e la<strong> solidit\u00e0 del suo materiale<\/strong> fanno di lui un elemento utile ed eterno che pu\u00f2 vivere in qualsiasi tipo di contesto.<\/p><p>Il pouf BABYLON esiste anche nella versione DECOR caratterizzata da un&#8217;elegante finitura della struttura in metallo liquido\u00a0<\/p>\n\n\n\n<\/div>\n<\/div>\n<\/div><\/div>\n\n\n\n<div class=\"wp-container-8 wp-block-group mb-5\"><div class=\"wp-block-group__inner-container\">\n<div class=\"wp-container-7 wp-block-columns\">\n<div class=\"wp-container-5 wp-block-column\" style=\"flex-basis:50%\">\n<p>Il <strong>pouf in legno dal design moderno BABYLON<\/strong> fa parte di una collezione di affascinanti <strong>complementi d\u2019arredo<\/strong> la cui grande versatilit\u00e0 gli permette di convivere in armonia in qualsiasi ambiente. Comfort impeccabile, solidit\u00e0 e qualit\u00e0 del materiale faranno di lui un prodotto utile ed eterno. Questo pouf pu\u00f2 essere utilizzato come seduta extra o tavolino occasionale in un <strong>soggiorno moderno<\/strong> o in un <strong>arredamento da ufficio<\/strong>.<\/p>\n\n<\/div>\n\n\n\n<div class=\"wp-container-6 wp-block-column\" style=\"flex-basis:50%\">\n        \n        <figure class=\"wp-block-image size-large\"><img src=\"https:\/\/www.zanaboni.it\/wp-content\/uploads\/import\/BABYLON-P\/photogallery\/pouf_babylon-p-1024x1024.jpg\" alt=\"1\" class=\"wp-image-1462\"\/><\/figure>\n        \n\n        \n<\/div>\n<\/div>\n<\/div><\/div>\n","protected":false},"excerpt":{"rendered":"<p>Pouf <\/p>\n","protected":false},"featured_media":21636,"template":"","product_collection":[32,7],"product_environment":[33,9,34,10],"product_category":[58],"acf":[],"_links":{"self":[{"href":"https:\/\/www.zanaboni.it\/en\/wp-json\/wp\/v2\/product\/1392"}],"collection":[{"href":"https:\/\/www.zanaboni.it\/en\/wp-json\/wp\/v2\/product"}],"about":[{"href":"https:\/\/www.zanaboni.it\/en\/wp-json\/wp\/v2\/types\/product"}],"wp:featuredmedia":[{"embeddable":true,"href":"https:\/\/www.zanaboni.it\/en\/wp-json\/wp\/v2\/media\/21636"}],"wp:attachment":[{"href":"https:\/\/www.zanaboni.it\/en\/wp-json\/wp\/v2\/media?parent=1392"}],"wp:term":[{"taxonomy":"product_collection","embeddable":true,"href":"https:\/\/www.zanaboni.it\/en\/wp-json\/wp\/v2\/product_collection?post=1392"},{"taxonomy":"product_environment","embeddable":true,"href":"https:\/\/www.zanaboni.it\/en\/wp-json\/wp\/v2\/product_environment?post=1392"},{"taxonomy":"product_category","embeddable":true,"href":"https:\/\/www.zanaboni.it\/en\/wp-json\/wp\/v2\/product_category?post=1392"}],"curies":[{"name":"wp","href":"https:\/\/api.w.org\/{rel}","templated":true}]}}